{"id":2368,"date":"2024-03-12T12:20:51","date_gmt":"2024-03-12T12:20:51","guid":{"rendered":"http:\/\/anina.es\/?page_id=2368"},"modified":"2024-03-12T12:21:45","modified_gmt":"2024-03-12T12:21:45","slug":"terminos-condiciones","status":"publish","type":"page","link":"http:\/\/anina.es\/en\/terminos-condiciones","title":{"rendered":"T\u00e9rminos y condiciones"},"content":{"rendered":"<p>Las presentes disposiciones (\u201cCondiciones Generales\u201d) regulan el uso del servicio del portal de Internet www.instain.es (el \u201cSitio Web\u201d) que INSTAIN SYSTEMS S.L.U pone a disposici\u00f3n de los usuarios de Internet. Estas Condiciones Generales y los documentos a los cuales hacen referencia le informan sobre las modalidades y las condiciones bajo las comercializamos nuestros productos a trav\u00e9s del servicio de suscripci\u00f3n (los \u201cServicios\u201d o el \u201cServicio\u201d).<\/p>\n\n\n\n<p>INSTAIN SYSTEMS S.L.U comercializa servicios de mantenimiento inform\u00e1tico a trav\u00e9s de la suscripci\u00f3n en el Sitio Web.<br>Por favor, lea atentamente estas Condiciones Generales antes de contratar cualquier Servicio de nuestro Sitio Web. El Usuario deber\u00e1 informarse y aceptarlas antes de contratar nuestros Servicios. El acceso al Sitio Web es gratuito salvo en lo relativo al coste de la conexi\u00f3n a trav\u00e9s de la red de telecomunicaciones suministrada por el proveedor de acceso contratado por los usuarios. Determinados servicios son exclusivos para nuestros clientes y su acceso se encuentra restringido. La utilizaci\u00f3n del Sitio Web atribuye la condici\u00f3n de usuario del mismo (el \u201cUsuario\u201d) e implica la aceptaci\u00f3n de todas las condiciones incluidas en estas Condiciones Generales, las cuales, mediante la marcaci\u00f3n de la casilla habilitada al efecto para la contrataci\u00f3n del Servicio, el Usuario manifiesta haber le\u00eddo y comprender. La prestaci\u00f3n del servicio del Sitio Web tiene una duraci\u00f3n limitada al momento en el que el Usuario se encuentre conectado al Sitio Web o a alguno de los servicios que a trav\u00e9s del mismo se facilitan. Por tanto, el Usuario debe leer atentamente las presentes Condiciones Generales en cada una de las ocasiones en que se proponga utilizar el Sitio Web, ya que \u00e9ste y sus condiciones de uso pueden sufrir modificaciones en cualquier momento y sin previo aviso.<\/p>\n\n\n\n<p>Las presentes Condiciones Generales han sido elaboradas de conformidad con lo establecido en la Ley 34\/2002, de servicios de la sociedad de la<br>informaci\u00f3n y comercio electr\u00f3nico, la Ley 7\/1998 sobre Condiciones Generales de Contrataci\u00f3n, el Real Decreto 1906\/1999 por el que se regula la<br>contrataci\u00f3n telef\u00f3nica o electr\u00f3nica con condiciones generales en desarrollo del art\u00edculo 5.3 de la Ley 7\/1998, Real Decreto Legislativo 1\/2007, de 16<br>de noviembre, por el que se aprueba el texto refundido de la Ley General para la Defensa de los Consumidores y Usuarios y otras leyes<br>complementarias (modificado por la Ley 3\/2014, de 27 de marzo), la Ley 7\/1996 de Ordenaci\u00f3n del Comercio Minorista y cuantas disposiciones legales resulten de aplicaci\u00f3n.<\/p>","protected":false},"excerpt":{"rendered":"<p>Las presentes disposiciones (\u201cCondiciones Generales\u201d) regulan el uso del servicio del portal de Internet www.instain.es (el \u201cSitio Web\u201d) que INSTAIN SYSTEMS S.L.U pone a disposici\u00f3n de<span class=\"excerpt-hellip\"> [\u2026]<\/span><\/p>\n","protected":false},"author":4,"featured_media":0,"parent":0,"menu_order":0,"comment_status":"closed","ping_status":"closed","template":"","meta":{"footnotes":""},"class_list":["post-2368","page","type-page","status-publish","hentry"],"_links":{"self":[{"href":"http:\/\/anina.es\/en\/wp-json\/wp\/v2\/pages\/2368","targetHints":{"allow":["GET"]}}],"collection":[{"href":"http:\/\/anina.es\/en\/wp-json\/wp\/v2\/pages"}],"about":[{"href":"http:\/\/anina.es\/en\/wp-json\/wp\/v2\/types\/page"}],"author":[{"embeddable":true,"href":"http:\/\/anina.es\/en\/wp-json\/wp\/v2\/users\/4"}],"replies":[{"embeddable":true,"href":"http:\/\/anina.es\/en\/wp-json\/wp\/v2\/comments?post=2368"}],"version-history":[{"count":3,"href":"http:\/\/anina.es\/en\/wp-json\/wp\/v2\/pages\/2368\/revisions"}],"predecessor-version":[{"id":2371,"href":"http:\/\/anina.es\/en\/wp-json\/wp\/v2\/pages\/2368\/revisions\/2371"}],"wp:attachment":[{"href":"http:\/\/anina.es\/en\/wp-json\/wp\/v2\/media?parent=2368"}],"curies":[{"name":"wp","href":"https:\/\/api.w.org\/{rel}","templated":true}]}}