{"id":2364,"date":"2024-03-12T12:11:24","date_gmt":"2024-03-12T12:11:24","guid":{"rendered":"http:\/\/anina.es\/?page_id=2364"},"modified":"2024-03-12T12:27:05","modified_gmt":"2024-03-12T12:27:05","slug":"aviso-legal","status":"publish","type":"page","link":"http:\/\/anina.es\/en\/aviso-legal","title":{"rendered":"Legal Notice"},"content":{"rendered":"<p>La presente web y su contenido es propiedad de RECURSOS INDUSTRIALES ANINA SLU. Queda prohibida la reproducci\u00f3n total o parcial de los contenidos salvo autorizaci\u00f3n por escrito de la propiedad. La reproducci\u00f3n, copia, uso, distribuci\u00f3n, comercializaci\u00f3n, comunicaci\u00f3n p\u00fablica o cualquier otra actividad que se pueda hacer con la informaci\u00f3n contenida en esta p\u00e1gina web y que se realice sin autorizaci\u00f3n de la propiedad, ser\u00e1 una infracci\u00f3n que se perseguir\u00e1 conforme a la legislaci\u00f3n vigente.<\/p>\n\n\n\n<p>La propiedad rechaza la responsabilidad derivada del mal uso de los contenidos, del navegador o del uso de versiones no actualizadas de \u00e9ste y no adquiere responsabilidad alguna por la infracci\u00f3n que el usuario pueda efectuar de tales derechos protegidos, as\u00ed como los que abarquen los derechos protegidos por la Ley de Propiedad Intelectual, Ley sobre la Protecci\u00f3n Civil del Derecho al Honor, a la Intimidad Personal y Familiar y a la Propia Imagen, Ley de Marcas, Ley General de Publicidad, Ley General para la Defensa de los Consumidores y Usuarios (Estatal o Auton\u00f3mica), Ley de Competencia Desleal y Ley de Condiciones Generales de Contrataci\u00f3n, entre otras. Lo anteriormente expuesto tiene car\u00e1cter enunciativo, pero no limitativo, por lo que la propiedad perseguir\u00e1, incluso acudiendo a las Autoridades del Estado, cualquier actuaci\u00f3n ilegal o infracci\u00f3n de sus derechos y\/o de las personas y entidades con derechos protegidos.<\/p>\n\n\n\n<p>La informaci\u00f3n, im\u00e1genes, textos, documentos y cualquier otro contenido ubicado en la web podr\u00e1 ser consultada \u00fanicamente con fines informativos por cualquier visitante de nuestro sitio web. La propiedad se reserva el derecho de restringir el acceso a su red o a sus contenidos y puede modificar los t\u00e9rminos y condiciones de uso del sitio web en cualquier momento y sin previo aviso. Los navegantes\/visitantes del sitio web son responsables de revisar los contenidos de este Aviso Legal para determinar los t\u00e9rminos y condiciones de uso del mismo.<\/p>\n\n\n\n<p>La propiedad rechaza la responsabilidad sobre cualquier informaci\u00f3n no contenida en este sitio web y, por tanto, no elaborada por \u00e9ste, o no publicada en su nombre. De manera especial, rechaza la responsabilidad sobre la informaci\u00f3n contenida en p\u00e1ginas web de terceras personas conectadas por enlaces con las p\u00e1ginas web de la propiedad. Asimismo, queda excluida la responsabilidad por los posibles errores de seguridad que se pudieran producir por el hecho de utilizar ordenadores infectados con virus inform\u00e1ticos.<\/p>\n\n\n\n<p>Con la finalidad de agilizar el servicio ofrecido, identificando con la m\u00e1xima celeridad a cada usuario, este sitio web podr\u00e1 utilizar \u00abcookies\u00bb y ficheros de registro. Las \u00abcookies\u00bb son c\u00f3digos que el servidor introduce en el disco duro del ordenador para identificar al usuario. Las \u00abcookies\u00bb se asocian \u00fanicamente con un usuario an\u00f3nimo, no permitiendo acceder a datos de car\u00e1cter personal ni, en general, a datos del disco duro del usuario. Si el usuario no desea que se instale en su disco duro una \u00abcookie\u00bb, debe configurar su navegador para no recibirlas. En tal caso, sin embargo, la rapidez y calidad en el funcionamiento de los servicios de la propiedad puede disminuir. Los ficheros de registro son el registro hist\u00f3rico de todo lo que sucede en un sitio web: entrada y salida de usuarios, direcci\u00f3n IP, sitio web del que provienen, fechas, pa\u00eds, etc. La propiedad puede analizar esta informaci\u00f3n para conocer la afluencia de tr\u00e1fico en el portal, los contenidos m\u00e1s visitados y las principales rutas de navegaci\u00f3n, todo ello con el objetivo de adecuar los contenidos del portal a las expectativas de los usuarios que nos visitan.<\/p>\n\n\n\n<p>De acuerdo con lo establecido en la Ley Org\u00e1nica 15\/1999 los datos Personales recogidos por la propiedad a trav\u00e9s de formularios, correo electr\u00f3nico u otro medio an\u00e1logo, ser\u00e1n objeto de un tratamiento automatizado e incorporados a los correspondientes ficheros automatizados de car\u00e1cter personal de los que la propiedad ser\u00e1 titular y responsable. Con este objeto, se pondr\u00e1 a disposici\u00f3n de los usuarios los recursos t\u00e9cnicos adecuados para que presten de forma inequ\u00edvoca su consentimiento, y para que, de forma previa a la prestaci\u00f3n del consentimiento, pueda acceder a nuestra pol\u00edtica de protecci\u00f3n de datos. Salvo en los campos en que se indique lo contrario, las respuestas a los datos de car\u00e1cter personal son voluntarias, sin que la falta de contestaci\u00f3n a dichas preguntas implique una merma en la calidad o cantidad de los servicios correspondientes, a menos que se indique otra cosa.<\/p>\n\n\n\n<p>La incorporaci\u00f3n al fichero y tratamiento automatizado de los Datos Personales tiene como finalidad la gesti\u00f3n, administraci\u00f3n, prestaci\u00f3n, ampliaci\u00f3n y mejora de los servicios en los que el Usuario decida suscribirse o darse de alta, la adecuaci\u00f3n del contenido \u00edntegro del portal a las preferencias de los usuarios, el dise\u00f1o de cualquier nuevo elemento que configure el portal y el env\u00edo de actualizaciones de los servicios. La propiedad deber\u00e1 obtener el previo consentimiento inequ\u00edvoco de los Usuarios para efectuar tratamientos de sus datos con finalidades distintas a las mencionadas con anterioridad.<\/p>\n\n\n\n<p>Para el ejercicio de los derechos de acceso, rectificaci\u00f3n, cancelaci\u00f3n u oposici\u00f3n a los datos personales, el usuario podr\u00e1 dirigirse la propiedad por correo electr\u00f3nico a anina@anina.es<\/p>\n\n\n\n<div style=\"height:100px\" aria-hidden=\"true\" class=\"wp-block-spacer\"><\/div>","protected":false},"excerpt":{"rendered":"<p>La presente web y su contenido es propiedad de RECURSOS INDUSTRIALES ANINA SLU. Queda prohibida la reproducci\u00f3n total o parcial de los contenidos salvo autorizaci\u00f3n por<span class=\"excerpt-hellip\"> [\u2026]<\/span><\/p>\n","protected":false},"author":4,"featured_media":0,"parent":0,"menu_order":0,"comment_status":"closed","ping_status":"closed","template":"","meta":{"footnotes":""},"class_list":["post-2364","page","type-page","status-publish","hentry"],"_links":{"self":[{"href":"http:\/\/anina.es\/en\/wp-json\/wp\/v2\/pages\/2364","targetHints":{"allow":["GET"]}}],"collection":[{"href":"http:\/\/anina.es\/en\/wp-json\/wp\/v2\/pages"}],"about":[{"href":"http:\/\/anina.es\/en\/wp-json\/wp\/v2\/types\/page"}],"author":[{"embeddable":true,"href":"http:\/\/anina.es\/en\/wp-json\/wp\/v2\/users\/4"}],"replies":[{"embeddable":true,"href":"http:\/\/anina.es\/en\/wp-json\/wp\/v2\/comments?post=2364"}],"version-history":[{"count":4,"href":"http:\/\/anina.es\/en\/wp-json\/wp\/v2\/pages\/2364\/revisions"}],"predecessor-version":[{"id":2379,"href":"http:\/\/anina.es\/en\/wp-json\/wp\/v2\/pages\/2364\/revisions\/2379"}],"wp:attachment":[{"href":"http:\/\/anina.es\/en\/wp-json\/wp\/v2\/media?parent=2364"}],"curies":[{"name":"wp","href":"https:\/\/api.w.org\/{rel}","templated":true}]}}